{"id":6,"date":"2012-11-30T11:14:15","date_gmt":"2012-11-30T11:14:15","guid":{"rendered":"http:\/\/www.encontraananindeua.com.br\/noticias\/?page_id=6"},"modified":"2012-11-30T11:14:15","modified_gmt":"2012-11-30T11:14:15","slug":"envie-noticia","status":"publish","type":"page","link":"https:\/\/www.encontraananindeua.com.br\/noticias\/envie-noticia","title":{"rendered":"Envie not\u00edcia"},"content":{"rendered":"<p>Qualquer pessoa ou institui\u00e7\u00e3o pode participar do blog enviando:<\/p>\n<p><strong>\u00bb Not\u00edcias: <\/strong>qualquer assunto ou not\u00edcia relevante relacionado \u00e0 cidade.<br \/>\n<strong>\u00bb Eventos e Cursos:<\/strong> feiras, shows ou qualquer outro evento na cidade.<br \/>\n<strong>\u00bb Recomenda\u00e7\u00f5es:<\/strong> dicas de com\u00e9rcios, servi\u00e7os ou lazer na cidade.<br \/>\n<strong>\u00bb Sugest\u00f5es e Reclama\u00e7\u00f5es:<\/strong> fatos que dizem respeito \u00e0 cidade.<br \/>\n<strong>\u00bb Espa\u00e7o Morador:<\/strong> assuntos ou ideias a serem implantadas na cidade.<\/p>\n<p><strong>COMO ENVIAR NOT\u00cdCIAS:\u2026\u2026\u2026\u2026\u2026\u2026\u2026\u2026\u2026\u2026\u2026\u2026\u2026\u2026\u2026\u2026\u2026\u2026\u2026\u2026\u2026<\/strong><\/p>\n<p>O e-mail para envio \u00e9:\u00a0<img decoding=\"async\" src=\"http:\/\/www.encontrasaopaulo.com.br\/imgs\/email-encontra-blog.jpg\" alt=\"\" \/><\/p>\n<!--CusAds0-->\n<div style=\"font-size: 0px; height: 0px; line-height: 0px; margin: 0; padding: 0; clear: both;\"><\/div>","protected":false},"excerpt":{"rendered":"<p>Qualquer pessoa ou institui\u00e7\u00e3o pode participar do blog enviando: \u00bb Not\u00edcias: qualquer assunto ou not\u00edcia relevante relacionado \u00e0 cidade. \u00bb Eventos e Cursos: feiras, shows ou qualquer outro evento na cidade. \u00bb Recomenda\u00e7\u00f5es: dicas de com\u00e9rcios, servi\u00e7os ou lazer na cidade. \u00bb Sugest\u00f5es e Reclama\u00e7\u00f5es: fatos que dizem respeito \u00e0 cidade. \u00bb Espa\u00e7o Morador: assuntos [&hellip;]<\/p>\n","protected":false},"author":1,"featured_media":0,"parent":0,"menu_order":0,"comment_status":"closed","ping_status":"closed","template":"","meta":{"footnotes":""},"class_list":["post-6","page","type-page","status-publish","hentry"],"yoast_head":"<!-- This site is optimized with the Yoast SEO plugin v25.9 - https:\/\/yoast.com\/wordpress\/plugins\/seo\/ -->\n<title>Envie not\u00edcia - Not\u00edcias da Cidade Ananindeua<\/title>\n<meta name=\"robots\" content=\"index, follow, max-snippet:-1, max-image-preview:large, max-video-preview:-1\" \/>\n<link rel=\"canonical\" href=\"https:\/\/www.encontraananindeua.com.br\/noticias\/envie-noticia\" \/>\n<meta property=\"og:locale\" content=\"pt_BR\" \/>\n<meta property=\"og:type\" content=\"article\" \/>\n<meta property=\"og:title\" content=\"Envie not\u00edcia - Not\u00edcias da Cidade Ananindeua\" \/>\n<meta property=\"og:description\" content=\"Qualquer pessoa ou institui\u00e7\u00e3o pode participar do blog enviando: \u00bb Not\u00edcias: qualquer assunto ou not\u00edcia relevante relacionado \u00e0 cidade. \u00bb Eventos e Cursos: feiras, shows ou qualquer outro evento na cidade. \u00bb Recomenda\u00e7\u00f5es: dicas de com\u00e9rcios, servi\u00e7os ou lazer na cidade. \u00bb Sugest\u00f5es e Reclama\u00e7\u00f5es: fatos que dizem respeito \u00e0 cidade. \u00bb Espa\u00e7o Morador: assuntos [&hellip;]\" \/>\n<meta property=\"og:url\" content=\"https:\/\/www.encontraananindeua.com.br\/noticias\/envie-noticia\" \/>\n<meta property=\"og:site_name\" content=\"Not\u00edcias da Cidade Ananindeua\" \/>\n<meta property=\"og:image\" content=\"http:\/\/www.encontrasaopaulo.com.br\/imgs\/email-encontra-blog.jpg\" \/>\n<meta name=\"twitter:card\" content=\"summary_large_image\" \/>\n<script type=\"application\/ld+json\" class=\"yoast-schema-graph\">{\"@context\":\"https:\/\/schema.org\",\"@graph\":[{\"@type\":\"WebPage\",\"@id\":\"https:\/\/www.encontraananindeua.com.br\/noticias\/envie-noticia\",\"url\":\"https:\/\/www.encontraananindeua.com.br\/noticias\/envie-noticia\",\"name\":\"Envie not\u00edcia - Not\u00edcias da Cidade Ananindeua\",\"isPartOf\":{\"@id\":\"https:\/\/www.encontraananindeua.com.br\/noticias\/#website\"},\"primaryImageOfPage\":{\"@id\":\"https:\/\/www.encontraananindeua.com.br\/noticias\/envie-noticia#primaryimage\"},\"image\":{\"@id\":\"https:\/\/www.encontraananindeua.com.br\/noticias\/envie-noticia#primaryimage\"},\"thumbnailUrl\":\"http:\/\/www.encontrasaopaulo.com.br\/imgs\/email-encontra-blog.jpg\",\"datePublished\":\"2012-11-30T11:14:15+00:00\",\"breadcrumb\":{\"@id\":\"https:\/\/www.encontraananindeua.com.br\/noticias\/envie-noticia#breadcrumb\"},\"inLanguage\":\"pt-BR\",\"potentialAction\":[{\"@type\":\"ReadAction\",\"target\":[\"https:\/\/www.encontraananindeua.com.br\/noticias\/envie-noticia\"]}]},{\"@type\":\"ImageObject\",\"inLanguage\":\"pt-BR\",\"@id\":\"https:\/\/www.encontraananindeua.com.br\/noticias\/envie-noticia#primaryimage\",\"url\":\"http:\/\/www.encontrasaopaulo.com.br\/imgs\/email-encontra-blog.jpg\",\"contentUrl\":\"http:\/\/www.encontrasaopaulo.com.br\/imgs\/email-encontra-blog.jpg\"},{\"@type\":\"BreadcrumbList\",\"@id\":\"https:\/\/www.encontraananindeua.com.br\/noticias\/envie-noticia#breadcrumb\",\"itemListElement\":[{\"@type\":\"ListItem\",\"position\":1,\"name\":\"In\u00edcio\",\"item\":\"https:\/\/www.encontraananindeua.com.br\/noticias\"},{\"@type\":\"ListItem\",\"position\":2,\"name\":\"Envie not\u00edcia\"}]},{\"@type\":\"WebSite\",\"@id\":\"https:\/\/www.encontraananindeua.com.br\/noticias\/#website\",\"url\":\"https:\/\/www.encontraananindeua.com.br\/noticias\/\",\"name\":\"Not\u00edcias da Cidade Ananindeua\",\"description\":\"Not\u00edcias, eventos, informa\u00e7\u00f5es e dicas na cidade Ananindeua e regi\u00e3o.\",\"potentialAction\":[{\"@type\":\"SearchAction\",\"target\":{\"@type\":\"EntryPoint\",\"urlTemplate\":\"https:\/\/www.encontraananindeua.com.br\/noticias\/?s={search_term_string}\"},\"query-input\":{\"@type\":\"PropertyValueSpecification\",\"valueRequired\":true,\"valueName\":\"search_term_string\"}}],\"inLanguage\":\"pt-BR\"}]}<\/script>\n<!-- \/ Yoast SEO plugin. -->","yoast_head_json":{"title":"Envie not\u00edcia - Not\u00edcias da Cidade Ananindeua","robots":{"index":"index","follow":"follow","max-snippet":"max-snippet:-1","max-image-preview":"max-image-preview:large","max-video-preview":"max-video-preview:-1"},"canonical":"https:\/\/www.encontraananindeua.com.br\/noticias\/envie-noticia","og_locale":"pt_BR","og_type":"article","og_title":"Envie not\u00edcia - Not\u00edcias da Cidade Ananindeua","og_description":"Qualquer pessoa ou institui\u00e7\u00e3o pode participar do blog enviando: \u00bb Not\u00edcias: qualquer assunto ou not\u00edcia relevante relacionado \u00e0 cidade. \u00bb Eventos e Cursos: feiras, shows ou qualquer outro evento na cidade. \u00bb Recomenda\u00e7\u00f5es: dicas de com\u00e9rcios, servi\u00e7os ou lazer na cidade. \u00bb Sugest\u00f5es e Reclama\u00e7\u00f5es: fatos que dizem respeito \u00e0 cidade. \u00bb Espa\u00e7o Morador: assuntos [&hellip;]","og_url":"https:\/\/www.encontraananindeua.com.br\/noticias\/envie-noticia","og_site_name":"Not\u00edcias da Cidade Ananindeua","og_image":[{"url":"http:\/\/www.encontrasaopaulo.com.br\/imgs\/email-encontra-blog.jpg","type":"","width":"","height":""}],"twitter_card":"summary_large_image","schema":{"@context":"https:\/\/schema.org","@graph":[{"@type":"WebPage","@id":"https:\/\/www.encontraananindeua.com.br\/noticias\/envie-noticia","url":"https:\/\/www.encontraananindeua.com.br\/noticias\/envie-noticia","name":"Envie not\u00edcia - Not\u00edcias da Cidade Ananindeua","isPartOf":{"@id":"https:\/\/www.encontraananindeua.com.br\/noticias\/#website"},"primaryImageOfPage":{"@id":"https:\/\/www.encontraananindeua.com.br\/noticias\/envie-noticia#primaryimage"},"image":{"@id":"https:\/\/www.encontraananindeua.com.br\/noticias\/envie-noticia#primaryimage"},"thumbnailUrl":"http:\/\/www.encontrasaopaulo.com.br\/imgs\/email-encontra-blog.jpg","datePublished":"2012-11-30T11:14:15+00:00","breadcrumb":{"@id":"https:\/\/www.encontraananindeua.com.br\/noticias\/envie-noticia#breadcrumb"},"inLanguage":"pt-BR","potentialAction":[{"@type":"ReadAction","target":["https:\/\/www.encontraananindeua.com.br\/noticias\/envie-noticia"]}]},{"@type":"ImageObject","inLanguage":"pt-BR","@id":"https:\/\/www.encontraananindeua.com.br\/noticias\/envie-noticia#primaryimage","url":"http:\/\/www.encontrasaopaulo.com.br\/imgs\/email-encontra-blog.jpg","contentUrl":"http:\/\/www.encontrasaopaulo.com.br\/imgs\/email-encontra-blog.jpg"},{"@type":"BreadcrumbList","@id":"https:\/\/www.encontraananindeua.com.br\/noticias\/envie-noticia#breadcrumb","itemListElement":[{"@type":"ListItem","position":1,"name":"In\u00edcio","item":"https:\/\/www.encontraananindeua.com.br\/noticias"},{"@type":"ListItem","position":2,"name":"Envie not\u00edcia"}]},{"@type":"WebSite","@id":"https:\/\/www.encontraananindeua.com.br\/noticias\/#website","url":"https:\/\/www.encontraananindeua.com.br\/noticias\/","name":"Not\u00edcias da Cidade Ananindeua","description":"Not\u00edcias, eventos, informa\u00e7\u00f5es e dicas na cidade Ananindeua e regi\u00e3o.","potentialAction":[{"@type":"SearchAction","target":{"@type":"EntryPoint","urlTemplate":"https:\/\/www.encontraananindeua.com.br\/noticias\/?s={search_term_string}"},"query-input":{"@type":"PropertyValueSpecification","valueRequired":true,"valueName":"search_term_string"}}],"inLanguage":"pt-BR"}]}},"_links":{"self":[{"href":"https:\/\/www.encontraananindeua.com.br\/noticias\/wp-json\/wp\/v2\/pages\/6","targetHints":{"allow":["GET"]}}],"collection":[{"href":"https:\/\/www.encontraananindeua.com.br\/noticias\/wp-json\/wp\/v2\/pages"}],"about":[{"href":"https:\/\/www.encontraananindeua.com.br\/noticias\/wp-json\/wp\/v2\/types\/page"}],"author":[{"embeddable":true,"href":"https:\/\/www.encontraananindeua.com.br\/noticias\/wp-json\/wp\/v2\/users\/1"}],"replies":[{"embeddable":true,"href":"https:\/\/www.encontraananindeua.com.br\/noticias\/wp-json\/wp\/v2\/comments?post=6"}],"version-history":[{"count":1,"href":"https:\/\/www.encontraananindeua.com.br\/noticias\/wp-json\/wp\/v2\/pages\/6\/revisions"}],"predecessor-version":[{"id":7,"href":"https:\/\/www.encontraananindeua.com.br\/noticias\/wp-json\/wp\/v2\/pages\/6\/revisions\/7"}],"wp:attachment":[{"href":"https:\/\/www.encontraananindeua.com.br\/noticias\/wp-json\/wp\/v2\/media?parent=6"}],"curies":[{"name":"wp","href":"https:\/\/api.w.org\/{rel}","templated":true}]}}